

{"id":76,"date":"2018-04-19T15:38:47","date_gmt":"2018-04-19T13:38:47","guid":{"rendered":"https:\/\/project.inria.fr\/scriptandlabs\/?page_id=76"},"modified":"2020-02-03T09:37:40","modified_gmt":"2020-02-03T08:37:40","slug":"francais-equipe","status":"publish","type":"page","link":"http:\/\/scriptandlabs.irisa.fr\/en\/francais-equipe\/","title":{"rendered":"(Fran\u00e7ais) \u00c9quipe"},"content":{"rendered":"<p><\/p>\n<table style=\"width: 1029.02px;\">\n<tbody>\n<tr>\n<td style=\"width: 300.333px;\">&nbsp;<\/p>\n<p><a href=\"https:\/\/project.inria.fr\/scriptandlabs\/files\/2011\/12\/intuidoc-logo.jpg\"><img loading=\"lazy\" decoding=\"async\" class=\"alignnone size-medium wp-image-112\" src=\"https:\/\/project.inria.fr\/scriptandlabs\/files\/2011\/12\/intuidoc-logo-300x106.jpg\" alt=\"\" width=\"300\" height=\"106\" srcset=\"http:\/\/scriptandlabs.irisa.fr\/files\/2011\/12\/intuidoc-logo-300x106.jpg 300w, http:\/\/scriptandlabs.irisa.fr\/files\/2011\/12\/intuidoc-logo-150x53.jpg 150w, http:\/\/scriptandlabs.irisa.fr\/files\/2011\/12\/intuidoc-logo.jpg 396w\" sizes=\"auto, (max-width: 300px) 100vw, 300px\" \/><\/a><\/td>\n<td style=\"width: 630.683px;\">\n<ul>\n<li><strong>Responsable du LabCom \u00ab Script&amp;Labs \u00bb<\/strong><br \/>\n<a href=\"http:\/\/people.irisa.fr\/Eric.Anquetil\/\"><strong>Eric Anquetil<\/strong><\/a>, Professeur \u00e0 l\u2019INSA Rennes,<br \/>\nResponsable de l\u2019\u00e9quipe de recherche<a href=\"https:\/\/www-intuidoc.irisa.fr\/\"> IntuiDoc<\/a> de l&#8217;IRISA,<\/li>\n<li><strong>Damien Simonnet<\/strong>, Post-Doctorant<\/li>\n<li><strong>Pauline Nerdeux<\/strong>, Ing\u00e9nieur expert<\/li>\n<li><strong>Etienne Delahaye<\/strong>, Ing\u00e9nieur<\/li>\n<li><strong>Nathalie Girard<\/strong>, MC Universit\u00e9 Rennes 1<\/li>\n<\/ul>\n<p>&nbsp;<\/td>\n<\/tr>\n<tr>\n<td style=\"width: 300.333px;\"><a href=\"https:\/\/project.inria.fr\/scriptandlabs\/files\/2018\/04\/learnandgo.png\"><img loading=\"lazy\" decoding=\"async\" class=\"alignnone size-medium wp-image-97\" src=\"https:\/\/project.inria.fr\/scriptandlabs\/files\/2018\/04\/learnandgo-300x65.png\" alt=\"\" width=\"300\" height=\"65\" srcset=\"http:\/\/scriptandlabs.irisa.fr\/files\/2018\/04\/learnandgo-300x65.png 300w, http:\/\/scriptandlabs.irisa.fr\/files\/2018\/04\/learnandgo-768x167.png 768w, http:\/\/scriptandlabs.irisa.fr\/files\/2018\/04\/learnandgo-1024x223.png 1024w, http:\/\/scriptandlabs.irisa.fr\/files\/2018\/04\/learnandgo-150x33.png 150w, http:\/\/scriptandlabs.irisa.fr\/files\/2018\/04\/learnandgo.png 2048w\" sizes=\"auto, (max-width: 300px) 100vw, 300px\" \/><\/a><\/td>\n<td style=\"width: 630.683px;\">\n<ul>\n<li><strong>S\u00e9bastien Mac\u00e9<\/strong>,<br \/>\nResponsable R&amp;D Script&amp;GO\/Learn&amp;GO,<br \/>\nResponsable industriel du LabCom \u00ab Script&amp;Labs \u00bb<\/li>\n<li><strong>Am\u00e9lie Le Roux<\/strong>, Responsable activit\u00e9s e-\u00e9ducation Learn&amp;Go<\/li>\n<li><strong>Beno\u00eet Jeannin<\/strong>, Pr\u00e9sident de Script&amp;Go \/Learn&amp;GO<\/li>\n<li><strong>Nicolas SABIN<\/strong>, Responsable R&amp;D Learn&amp;Go<\/li>\n<\/ul>\n<\/td>\n<\/tr>\n<\/tbody>\n<\/table>\n<h3><\/h3>\n<h3><span style=\"font-family: helvetica, arial, sans-serif;\">Contact : Eric Anquetil<\/span><\/h3>\n<table style=\"width: 870px;\">\n<tbody>\n<tr>\n<td style=\"width: 431.75px;\">&nbsp;<\/p>\n<p><a href=\"mailto:eric.anquetil@irisa.fr\">eric.anquetil@irisa.fr<\/a><br \/>\nPhone: (+33) 2 99 84 72 38<br \/>\nFax: (+33) 2 99 84 71 71<\/td>\n<td style=\"width: 399px;\">&nbsp;<\/p>\n<p><a href=\"http:\/\/www.irisa.fr\">IRISA<\/a><br \/>\nCampus universitaire de Beaulieu<br \/>\nAvenue du G\u00e9n\u00e9ral Leclerc<br \/>\nF \u2013 35042 RENNES Cedex \u2013 France<\/td>\n<\/tr>\n<\/tbody>\n<\/table>\n<p>&nbsp;<\/p>\n<p>&nbsp;<\/p>","protected":false},"excerpt":{"rendered":"<p>&nbsp; Responsable du LabCom \u00ab Script&amp;Labs \u00bb Eric Anquetil, Professeur \u00e0 l\u2019INSA Rennes, Responsable de l\u2019\u00e9quipe de recherche IntuiDoc de l&#8217;IRISA, Damien Simonnet, Post-Doctorant Pauline Nerdeux, Ing\u00e9nieur expert Etienne Delahaye, Ing\u00e9nieur Nathalie Girard, MC Universit\u00e9 Rennes 1 &nbsp; S\u00e9bastien Mac\u00e9, Responsable R&amp;D Script&amp;GO\/Learn&amp;GO, Responsable industriel du LabCom \u00ab Script&amp;Labs \u00bb\u2026<\/p>\n<p> <a class=\"continue-reading-link\" href=\"http:\/\/scriptandlabs.irisa.fr\/en\/francais-equipe\/\"><span>Continue reading<\/span><i class=\"crycon-right-dir\"><\/i><\/a> <\/p>\n","protected":false},"author":1387,"featured_media":202,"parent":0,"menu_order":0,"comment_status":"closed","ping_status":"closed","template":"","meta":{"footnotes":""},"class_list":["post-76","page","type-page","status-publish","has-post-thumbnail","hentry"],"_links":{"self":[{"href":"http:\/\/scriptandlabs.irisa.fr\/en\/wp-json\/wp\/v2\/pages\/76","targetHints":{"allow":["GET"]}}],"collection":[{"href":"http:\/\/scriptandlabs.irisa.fr\/en\/wp-json\/wp\/v2\/pages"}],"about":[{"href":"http:\/\/scriptandlabs.irisa.fr\/en\/wp-json\/wp\/v2\/types\/page"}],"author":[{"embeddable":true,"href":"http:\/\/scriptandlabs.irisa.fr\/en\/wp-json\/wp\/v2\/users\/1387"}],"replies":[{"embeddable":true,"href":"http:\/\/scriptandlabs.irisa.fr\/en\/wp-json\/wp\/v2\/comments?post=76"}],"version-history":[{"count":18,"href":"http:\/\/scriptandlabs.irisa.fr\/en\/wp-json\/wp\/v2\/pages\/76\/revisions"}],"predecessor-version":[{"id":283,"href":"http:\/\/scriptandlabs.irisa.fr\/en\/wp-json\/wp\/v2\/pages\/76\/revisions\/283"}],"wp:featuredmedia":[{"embeddable":true,"href":"http:\/\/scriptandlabs.irisa.fr\/en\/wp-json\/wp\/v2\/media\/202"}],"wp:attachment":[{"href":"http:\/\/scriptandlabs.irisa.fr\/en\/wp-json\/wp\/v2\/media?parent=76"}],"curies":[{"name":"wp","href":"https:\/\/api.w.org\/{rel}","templated":true}]}}